{"id":114,"date":"2023-12-23T14:18:22","date_gmt":"2023-12-23T14:18:22","guid":{"rendered":"https:\/\/www.krohconsulting.cz\/?page_id=114"},"modified":"2023-12-31T12:13:24","modified_gmt":"2023-12-31T12:13:24","slug":"ekonomie","status":"publish","type":"page","link":"https:\/\/www.krohconsulting.cz\/?page_id=114","title":{"rendered":"Ekonomie"},"content":{"rendered":"\n<p><strong>Ekonomie: Pohled na Dynamiku Finan\u010dn\u00edho Sv\u011bta<\/strong><\/p>\n\n\n\n<p>Ekonomie, j\u00ed\u017e se \u0159\u00edk\u00e1 &#8222;v\u011bda o hospod\u00e1\u0159stv\u00ed&#8220;, je obor zkoumaj\u00edc\u00ed, jak spole\u010dnosti alokuj\u00ed sv\u00e9 zdroje a jak\u00fdm zp\u016fsobem se tyto alokace odr\u00e1\u017eej\u00ed na vytv\u00e1\u0159en\u00ed bohatstv\u00ed a prosperit\u011b. Sv\u011bt ekonomie je dynamick\u00fd a v dne\u0161n\u00ed dob\u011b se pot\u00fdk\u00e1 s mnoha v\u00fdzvami a zm\u011bnami.<\/p>\n\n\n\n<p>Jedn\u00edm z kl\u00ed\u010dov\u00fdch aspekt\u016f ekonomie je makroekonomie, kter\u00e1 zkoum\u00e1 celkov\u00fd stav ekonomiky. V posledn\u00ed dob\u011b jsme byli sv\u011bdky v\u00fdznamn\u00fdch glob\u00e1ln\u00edch ud\u00e1lost\u00ed, kter\u00e9 ovlivnily ekonomick\u00fd stav sv\u011bta. Pandemie COVID-19 zp\u016fsobila ot\u0159esy ve sv\u011btov\u00e9m obchod\u011b, z\u00e1sadn\u011b ovlivnila zam\u011bstnanost a nastolila ot\u00e1zky ohledn\u011b odolnosti glob\u00e1ln\u00edch ekonomik v\u016f\u010di nep\u0159edv\u00eddateln\u00fdm ud\u00e1lostem.<\/p>\n\n\n\n<p>Dal\u0161\u00edm kl\u00ed\u010dov\u00fdm prvkem ekonomie je inovace a technologick\u00fd pokrok. Rychl\u00fd rozvoj um\u011bl\u00e9 inteligence, blockchain technologie, a obecn\u011b digitalizace vytv\u00e1\u0159ej\u00ed nov\u00e9 p\u0159\u00edle\u017eitosti a m\u011bn\u00ed zp\u016fsob, jak\u00fdm podniky funguj\u00ed. Tato digit\u00e1ln\u00ed revoluce ovliv\u0148uje nejen obchodn\u00ed prost\u0159ed\u00ed, ale tak\u00e9 strukturu pracovn\u00edch m\u00edst a dovednost\u00ed, kter\u00e9 jsou vy\u017eadov\u00e1ny na trhu pr\u00e1ce.<\/p>\n\n\n\n<p>Fenom\u00e9nem, kter\u00fd ekonomov\u00e9 pozorn\u011b sleduj\u00ed, je t\u00e9\u017e udr\u017eiteln\u00fd rozvoj. Spole\u010dnosti se st\u00e1le v\u00edce soust\u0159ed\u00ed na to, jak minimalizovat negativn\u00ed dopady sv\u00e9 \u010dinnosti na \u017eivotn\u00ed prost\u0159ed\u00ed a spole\u010dnost jako celek. To se odr\u00e1\u017e\u00ed nejen ve zm\u011bn\u00e1ch v pr\u016fmyslu, ale tak\u00e9 ve spot\u0159ebitelsk\u00e9m chov\u00e1n\u00ed, kdy z\u00e1kazn\u00edci preferuj\u00ed ekologick\u00e9 a etick\u00e9 zna\u010dky.<\/p>\n\n\n\n<p>Nakonec, ekonomie je v\u017edy spojena s politikou. Rozhodnut\u00ed vl\u00e1d a mezin\u00e1rodn\u00edch organizac\u00ed maj\u00ed obrovsk\u00fd vliv na ekonomick\u00fd sm\u011br. Debaty o fisk\u00e1ln\u00ed politice, soci\u00e1ln\u00edch programech a obchodn\u00edch dohod\u00e1ch maj\u00ed dalekos\u00e1hl\u00e9 d\u016fsledky na celkov\u00e9 fungov\u00e1n\u00ed spole\u010dnosti.<\/p>\n\n\n\n<p>V dne\u0161n\u00edm rychle se m\u011bn\u00edc\u00edm sv\u011bt\u011b je porozum\u011bn\u00ed ekonomii kl\u00ed\u010dov\u00e9 pro jednotlivce i firmy. Aktu\u00e1ln\u00ed ud\u00e1losti a trendy nazna\u010duj\u00ed, \u017ee schopnost adaptovat se na nov\u00e9 podm\u00ednky a ch\u00e1pat spojen\u00ed mezi ekonomi\u00ed a dal\u0161\u00edmi sf\u00e9rami lidsk\u00e9ho \u017eivota je kl\u00ed\u010dem k \u00fasp\u011bchu v tomto neust\u00e1le se vyv\u00edjej\u00edc\u00edm hospod\u00e1\u0159sk\u00e9m prost\u0159ed\u00ed.<\/p>\n\n\n\n<div class=\"wp-block-buttons is-layout-flex wp-block-buttons-is-layout-flex\">\n<div class=\"wp-block-button\"><a class=\"wp-block-button__link has-text-align-left wp-element-button\" href=\"https:\/\/www.krohconsulting.cz\/?page_id=278\">Chcete-li se vzd\u011bl\u00e1vat v oblasti ekonomie &#8211; kontaktujte n\u00e1s<\/a><\/div>\n<\/div>\n","protected":false},"excerpt":{"rendered":"<p>Ekonomie: Pohled na Dynamiku Finan\u010dn\u00edho Sv\u011bta Ekonomie, j\u00ed\u017e se \u0159\u00edk\u00e1 &#8222;v\u011bda o hospod\u00e1\u0159stv\u00ed&#8220;, je obor zkoumaj\u00edc\u00ed, jak spole\u010dnosti alokuj\u00ed sv\u00e9 zdroje a jak\u00fdm zp\u016fsobem se tyto alokace odr\u00e1\u017eej\u00ed na vytv\u00e1\u0159en\u00ed bohatstv\u00ed a prosperit\u011b. Sv\u011bt ekonomie je dynamick\u00fd a v dne\u0161n\u00ed dob\u011b se pot\u00fdk\u00e1 s mnoha v\u00fdzvami a zm\u011bnami. Jedn\u00edm z kl\u00ed\u010dov\u00fdch aspekt\u016f ekonomie je makroekonomie, [&hellip;]<\/p>\n","protected":false},"author":2,"featured_media":0,"parent":0,"menu_order":0,"comment_status":"closed","ping_status":"closed","template":"","meta":{"om_disable_all_campaigns":false,"_monsterinsights_skip_tracking":false,"_monsterinsights_sitenote_active":false,"_monsterinsights_sitenote_note":"","_monsterinsights_sitenote_category":0,"_uf_show_specific_survey":0,"_uf_disable_surveys":false,"footnotes":""},"class_list":["post-114","page","type-page","status-publish","hentry"],"aioseo_notices":[],"_links":{"self":[{"href":"https:\/\/www.krohconsulting.cz\/index.php?rest_route=\/wp\/v2\/pages\/114","targetHints":{"allow":["GET"]}}],"collection":[{"href":"https:\/\/www.krohconsulting.cz\/index.php?rest_route=\/wp\/v2\/pages"}],"about":[{"href":"https:\/\/www.krohconsulting.cz\/index.php?rest_route=\/wp\/v2\/types\/page"}],"author":[{"embeddable":true,"href":"https:\/\/www.krohconsulting.cz\/index.php?rest_route=\/wp\/v2\/users\/2"}],"replies":[{"embeddable":true,"href":"https:\/\/www.krohconsulting.cz\/index.php?rest_route=%2Fwp%2Fv2%2Fcomments&post=114"}],"version-history":[{"count":4,"href":"https:\/\/www.krohconsulting.cz\/index.php?rest_route=\/wp\/v2\/pages\/114\/revisions"}],"predecessor-version":[{"id":281,"href":"https:\/\/www.krohconsulting.cz\/index.php?rest_route=\/wp\/v2\/pages\/114\/revisions\/281"}],"wp:attachment":[{"href":"https:\/\/www.krohconsulting.cz\/index.php?rest_route=%2Fwp%2Fv2%2Fmedia&parent=114"}],"curies":[{"name":"wp","href":"https:\/\/api.w.org\/{rel}","templated":true}]}}