{"id":139,"date":"2023-12-23T14:35:00","date_gmt":"2023-12-23T14:35:00","guid":{"rendered":"https:\/\/www.krohconsulting.cz\/?page_id=139"},"modified":"2023-12-31T13:18:44","modified_gmt":"2023-12-31T13:18:44","slug":"filozofie-a-politologie","status":"publish","type":"page","link":"https:\/\/www.krohconsulting.cz\/?page_id=139","title":{"rendered":"Filozofie a politologie"},"content":{"rendered":"\n<p><strong>Filozofie a Politologie: spojen\u00ed my\u0161lenek a moci<\/strong><\/p>\n\n\n\n<p>Filozofie a politologie jsou dv\u011b odli\u0161n\u00e9, ale vz\u00e1jemn\u011b propojen\u00e9 oblasti studia, kter\u00e9 zkoumaj\u00ed ko\u0159eny, povahu a d\u016fsledky lidsk\u00e9ho my\u0161len\u00ed a politick\u00e9 moci. Jak se tyto dv\u011b discipl\u00edny prol\u00ednaj\u00ed, ovliv\u0148uj\u00ed nejen akademick\u00fd sv\u011bt, ale tak\u00e9 formuj\u00ed na\u0161e ch\u00e1p\u00e1n\u00ed politick\u00fdch syst\u00e9m\u016f, hodnot a rozhodovac\u00edch proces\u016f.<\/p>\n\n\n\n<p><strong>Filozofie politiky:<\/strong><\/p>\n\n\n\n<p>Filozofie politiky se zab\u00fdv\u00e1 ot\u00e1zkami t\u00fdkaj\u00edc\u00edmi se moci, spravedlnosti, svobody a lidsk\u00fdch pr\u00e1v. Filozofov\u00e9 politiky zkoumaj\u00ed, jak by m\u011bla b\u00fdt spravedlnost definov\u00e1na ve spole\u010dnosti, jak\u00e9 jsou legitimitn\u00ed formy vl\u00e1dy a jak\u00fdm zp\u016fsobem by m\u011bla b\u00fdt vytv\u00e1\u0159ena etick\u00e1 pravidla pro politick\u00e9 rozhodov\u00e1n\u00ed.<\/p>\n\n\n\n<p>1. <strong>Teorie spravedlnosti:<\/strong> Filozofie politiky se \u010dasto zab\u00fdv\u00e1 teoriemi spravedlnosti, zkoum\u00e1, jak by m\u011bla spole\u010dnost rozd\u011blovat zdroje a p\u0159\u00edle\u017eitosti, aby byla spravedliv\u00e1. Filozofov\u00e9 jako John Rawls nebo Robert Nozick p\u0159edstavili teorie, kter\u00e9 se zam\u011b\u0159uj\u00ed na ot\u00e1zky distributivn\u00ed spravedlnosti a individu\u00e1ln\u00edch pr\u00e1v.<\/p>\n\n\n\n<p>2. <strong>Etika politiky:<\/strong> Etika politiky zkoum\u00e1 mor\u00e1ln\u00ed z\u00e1klady politick\u00e9 moci a rozhodov\u00e1n\u00ed. Ot\u00e1zky o tom, co je eticky p\u0159ijateln\u00e9 v politice a jak by se politi\u010dt\u00ed akt\u00e9\u0159i m\u011bli chovat, jsou st\u011b\u017eejn\u00edm t\u00e9matem pro filozofii politiky.<\/p>\n\n\n\n<p>3. <strong>Demokracie a participace:<\/strong> Filozofov\u00e9 politiky zkoumaj\u00ed r\u016fzn\u00e9 formy vl\u00e1dy a ot\u00e1zky demokracie. Kritick\u00e9 my\u0161len\u00ed o \u00fa\u010dasti ob\u010dan\u016f, roli ob\u010dansk\u00e9 spole\u010dnosti a mo\u017enosti pod\u00edlet se na rozhodov\u00e1n\u00ed jsou kl\u00ed\u010dov\u00fdmi prvky filozofie politiky.<\/p>\n\n\n\n<p><strong>Politologie z filozofick\u00e9 perspektivy:<\/strong><\/p>\n\n\n\n<p>Politologie, zat\u00edmco v\u00edce zam\u011b\u0159en\u00e1 na systematick\u00fd a empirick\u00fd p\u0159\u00edstup, tak\u00e9 \u010derp\u00e1 z filozofick\u00fdch koncept\u016f k pochopen\u00ed politick\u00fdch syst\u00e9m\u016f, ideologi\u00ed a ot\u00e1zek moci.<\/p>\n\n\n\n<p>1. <strong>Politick\u00e9 ideologie:<\/strong> Politologie vyu\u017e\u00edv\u00e1 filozofick\u00fdch koncept\u016f k anal\u00fdze a pochopen\u00ed politick\u00fdch ideologi\u00ed, jako jsou liberalismus, konzervatismus, socialismus a dal\u0161\u00ed. Tyto ideologie jsou \u010dasto zako\u0159en\u011bny v filozofick\u00fdch p\u0159esv\u011bd\u010den\u00edch o tom, jak by m\u011bla b\u00fdt spole\u010dnost utv\u00e1\u0159ena.<\/p>\n\n\n\n<p>2. <strong>Politick\u00e1 teorie:<\/strong> Politologie zahrnuje politickou teorii, kter\u00e1 se zab\u00fdv\u00e1 anal\u00fdzou politick\u00fdch koncept\u016f a struktur. Zde filozofie pronik\u00e1 do anal\u00fdzy moci, autority, st\u00e1tnosti a politick\u00fdch instituc\u00ed.<\/p>\n\n\n\n<p>3. <strong>Moc a politick\u00fd proces:<\/strong> Filozofick\u00e9 my\u0161lenky o moci a politick\u00e9 legitimit\u011b jsou kl\u00ed\u010dov\u00fdmi t\u00e9maty v politologii. Diskutuje se o tom, jak\u00fdm zp\u016fsobem se moc vykon\u00e1v\u00e1, jak\u00e1 je jej\u00ed povaha a jak by m\u011bla b\u00fdt legitima\u010dn\u011b opr\u00e1vn\u011bna.<\/p>\n\n\n\n<p><strong>Spojen\u00ed pro praktick\u00fd v\u00fdznam:<\/strong><\/p>\n\n\n\n<p>Spojen\u00ed mezi filozofi\u00ed a politologi\u00ed p\u0159in\u00e1\u0161\u00ed praktick\u00fd v\u00fdznam pro formov\u00e1n\u00ed politick\u00fdch n\u00e1zor\u016f, tvorbu politick\u00fdch program\u016f a rozvoj ob\u010dansk\u00e9 spole\u010dnosti. Filozofick\u00e1 reflexe poskytuje teoretick\u00fd r\u00e1mec pro anal\u00fdzu a hodnocen\u00ed politick\u00fdch syst\u00e9m\u016f, zat\u00edmco politologie p\u0159in\u00e1\u0161\u00ed konkr\u00e9tn\u00ed empirick\u00e9 poznatky.<\/p>\n\n\n\n<p>Filozofie a politologie, a\u010dkoli odli\u0161n\u00e9 discipl\u00edny, jsou spolu propojeny v hled\u00e1n\u00ed odpov\u011bd\u00ed na fundament\u00e1ln\u00ed ot\u00e1zky t\u00fdkaj\u00edc\u00ed se moci, spravedlnosti a lidsk\u00fdch pr\u00e1v. Toto spojen\u00ed posiluje na\u0161e ch\u00e1p\u00e1n\u00ed politiky a formuje n\u00e1\u0161 pohled na sv\u011bt, ve kter\u00e9m \u017eijeme.<\/p>\n\n\n\n<div class=\"wp-block-buttons is-layout-flex wp-block-buttons-is-layout-flex\">\n<div class=\"wp-block-button\"><a class=\"wp-block-button__link has-text-align-left wp-element-button\" href=\"https:\/\/www.krohconsulting.cz\/?page_id=278\">Chcete-li se vzd\u011bl\u00e1vat v oblasti filozofie a politologie &#8211; kontaktujte n\u00e1s<\/a><\/div>\n<\/div>\n","protected":false},"excerpt":{"rendered":"<p>Filozofie a Politologie: spojen\u00ed my\u0161lenek a moci Filozofie a politologie jsou dv\u011b odli\u0161n\u00e9, ale vz\u00e1jemn\u011b propojen\u00e9 oblasti studia, kter\u00e9 zkoumaj\u00ed ko\u0159eny, povahu a d\u016fsledky lidsk\u00e9ho my\u0161len\u00ed a politick\u00e9 moci. Jak se tyto dv\u011b discipl\u00edny prol\u00ednaj\u00ed, ovliv\u0148uj\u00ed nejen akademick\u00fd sv\u011bt, ale tak\u00e9 formuj\u00ed na\u0161e ch\u00e1p\u00e1n\u00ed politick\u00fdch syst\u00e9m\u016f, hodnot a rozhodovac\u00edch proces\u016f. Filozofie politiky: Filozofie politiky se [&hellip;]<\/p>\n","protected":false},"author":2,"featured_media":0,"parent":0,"menu_order":0,"comment_status":"closed","ping_status":"closed","template":"","meta":{"om_disable_all_campaigns":false,"_monsterinsights_skip_tracking":false,"_monsterinsights_sitenote_active":false,"_monsterinsights_sitenote_note":"","_monsterinsights_sitenote_category":0,"_uf_show_specific_survey":0,"_uf_disable_surveys":false,"footnotes":""},"class_list":["post-139","page","type-page","status-publish","hentry"],"aioseo_notices":[],"_links":{"self":[{"href":"https:\/\/www.krohconsulting.cz\/index.php?rest_route=\/wp\/v2\/pages\/139","targetHints":{"allow":["GET"]}}],"collection":[{"href":"https:\/\/www.krohconsulting.cz\/index.php?rest_route=\/wp\/v2\/pages"}],"about":[{"href":"https:\/\/www.krohconsulting.cz\/index.php?rest_route=\/wp\/v2\/types\/page"}],"author":[{"embeddable":true,"href":"https:\/\/www.krohconsulting.cz\/index.php?rest_route=\/wp\/v2\/users\/2"}],"replies":[{"embeddable":true,"href":"https:\/\/www.krohconsulting.cz\/index.php?rest_route=%2Fwp%2Fv2%2Fcomments&post=139"}],"version-history":[{"count":3,"href":"https:\/\/www.krohconsulting.cz\/index.php?rest_route=\/wp\/v2\/pages\/139\/revisions"}],"predecessor-version":[{"id":307,"href":"https:\/\/www.krohconsulting.cz\/index.php?rest_route=\/wp\/v2\/pages\/139\/revisions\/307"}],"wp:attachment":[{"href":"https:\/\/www.krohconsulting.cz\/index.php?rest_route=%2Fwp%2Fv2%2Fmedia&parent=139"}],"curies":[{"name":"wp","href":"https:\/\/api.w.org\/{rel}","templated":true}]}}