{"id":142,"date":"2023-12-23T14:36:54","date_gmt":"2023-12-23T14:36:54","guid":{"rendered":"https:\/\/www.krohconsulting.cz\/?page_id=142"},"modified":"2023-12-31T13:07:00","modified_gmt":"2023-12-31T13:07:00","slug":"prognostika","status":"publish","type":"page","link":"https:\/\/www.krohconsulting.cz\/?page_id=142","title":{"rendered":"Prognostika"},"content":{"rendered":"\n<p><strong>Prognostika: Um\u011bn\u00ed p\u0159edpov\u00eddat budoucnost s v\u011bdou + analytikou<\/strong><\/p>\n\n\n\n<p>Prognostika, \u010di p\u0159edpov\u00edd\u00e1n\u00ed budouc\u00edch ud\u00e1lost\u00ed a trend\u016f, je starou lidskou snahou, kter\u00e1 se v dne\u0161n\u00ed dob\u011b stala v\u00fdznamn\u00fdm oborem v\u011bdeck\u00e9ho v\u00fdzkumu. Toto um\u011bn\u00ed kombinuje statistiku, anal\u00fdzu dat a pokro\u010dil\u00e9 technologie k identifikaci mo\u017en\u00fdch sc\u00e9n\u00e1\u0159\u016f a vytv\u00e1\u0159en\u00ed informovan\u00fdch rozhodnut\u00ed v r\u016fzn\u00fdch oblastech lidsk\u00e9 \u010dinnosti.<\/p>\n\n\n\n<p><strong>Historie prognostiky:<\/strong><\/p>\n\n\n\n<p>Od d\u00e1vn\u00fdch civilizac\u00ed po sou\u010dasnou \u00e9ru, lid\u00e9 se sna\u017eili p\u0159edpov\u00eddat budoucnost. Ve starov\u011bk\u00e9m \u0158ecku nap\u0159\u00edklad v\u011b\u0161tci pou\u017e\u00edvali or\u00e1kulum k prorokov\u00e1n\u00ed. S rozvojem matematiky a v\u011bdeck\u00e9ho my\u0161len\u00ed se za\u010daly objevovat pokusy o systematick\u00e9 p\u0159edpov\u00edd\u00e1n\u00ed, zejm\u00e9na v oblasti meteorologie.<\/p>\n\n\n\n<p><strong>Modern\u00ed prognostika:<\/strong><\/p>\n\n\n\n<p>Modern\u00ed prognostika vyu\u017e\u00edv\u00e1 \u0161irokou \u0161k\u00e1lu n\u00e1stroj\u016f a metod. Statistick\u00e9 modely, strojov\u00e9 u\u010den\u00ed a anal\u00fdza dat jsou kl\u00ed\u010dov\u00fdmi prvkem p\u0159edpov\u00edd\u00e1n\u00ed v oblastech jako ekonomie, epidemiologie, klimatologie a dal\u0161\u00ed.<\/p>\n\n\n\n<p>1. <strong>Ekonomick\u00e1 prognostika:<\/strong> V oblasti ekonomie se prognostika zam\u011b\u0159uje na p\u0159edpov\u00edd\u00e1n\u00ed ekonomick\u00e9ho r\u016fstu, inflace, nezam\u011bstnanosti a dal\u0161\u00edch ukazatel\u016f. Banky, vl\u00e1dn\u00ed agentury a soukrom\u00ed analytici vyu\u017e\u00edvaj\u00ed slo\u017eit\u00e9 modely k predikci budouc\u00edch ekonomick\u00fdch podm\u00ednek.<\/p>\n\n\n\n<p>2. <strong>Epidemiologick\u00e1 prognostika:<\/strong> V posledn\u00edch letech z\u00edskala epidemick\u00e1 prognostika zvl\u00e1\u0161tn\u00ed pozornost, zejm\u00e9na v kontextu glob\u00e1ln\u00ed pandemie, jako je COVID-19. Modely \u0161\u00ed\u0159en\u00ed nemoc\u00ed a odhady budouc\u00edho v\u00fdvoje jsou kl\u00ed\u010dov\u00fdmi n\u00e1stroji pro tvorbu politik a pl\u00e1nov\u00e1n\u00ed zdravotnick\u00fdch opat\u0159en\u00ed.<\/p>\n\n\n\n<p>3. <strong>Klimatologick\u00e1 prognostika:<\/strong> V klimatologii se prognostika zab\u00fdv\u00e1 p\u0159edpov\u00edd\u00e1n\u00edm dlouhodob\u00fdch klimatick\u00fdch trend\u016f, extr\u00e9mn\u00edch ud\u00e1lost\u00ed a jejich dopadu na \u017eivotn\u00ed prost\u0159ed\u00ed. Klimatick\u00e9 modely a simulace jsou vyu\u017e\u00edv\u00e1ny k predikci budouc\u00edho v\u00fdvoje klimatu.<\/p>\n\n\n\n<p>4. <strong>Technologick\u00e1 prognostika:<\/strong> Technologick\u00e1 prognostika zkoum\u00e1 v\u00fdvoj technologi\u00ed a p\u0159edpov\u00edd\u00e1, jak nov\u00e9 inovace mohou ovlivnit pr\u016fmysl, spole\u010dnost a \u017eivotn\u00ed styl. Tato oblast hraje kl\u00ed\u010dovou roli v pl\u00e1nov\u00e1n\u00ed v\u00fdzkumu a v\u00fdvoje.<\/p>\n\n\n\n<p><strong>V\u00fdzvy a omezen\u00ed:<\/strong><\/p>\n\n\n\n<p>P\u0159esto\u017ee modern\u00ed prognostika dosahuje v\u00fdznamn\u00fdch \u00fasp\u011bch\u016f, st\u00e1le \u010del\u00ed v\u00fdzv\u00e1m a omezen\u00edm. Nep\u0159edv\u00eddateln\u00e9 ud\u00e1losti, jako jsou p\u0159\u00edrodn\u00ed katastrofy nebo lidsk\u00e9 konflikty, mohou naru\u0161it progn\u00f3zy. Nav\u00edc, pou\u017e\u00edv\u00e1n\u00ed slo\u017eit\u00fdch model\u016f vy\u017eaduje velk\u00e9 mno\u017estv\u00ed dat a p\u0159esn\u00e9 vstupy, co\u017e nemus\u00ed b\u00fdt v\u017edy k dispozici.<\/p>\n\n\n\n<p><strong>Budoucnost prognostiky:<\/strong><\/p>\n\n\n\n<p>S pokrokem v oblasti um\u011bl\u00e9 inteligence, kvantov\u00fdch po\u010d\u00edta\u010d\u016f a dal\u0161\u00edch technologi\u00ed lze o\u010dek\u00e1vat, \u017ee prognostika bude st\u00e1le p\u0159esn\u011bj\u0161\u00ed a komplexn\u011bj\u0161\u00ed. Integrace r\u016fzn\u00fdch obor\u016f a p\u0159\u00edstup\u016f umo\u017en\u00ed komplexn\u00ed pohled na budoucnost a lep\u0161\u00ed p\u0159ipravenost na nejist\u00e9 ud\u00e1losti.<\/p>\n\n\n\n<p>Prognostika z\u016fst\u00e1v\u00e1 kl\u00ed\u010dov\u00fdm n\u00e1strojem pro spr\u00e1vn\u00e9 rozhodov\u00e1n\u00ed ve sv\u011bt\u011b, kter\u00fd se neust\u00e1le vyv\u00edj\u00ed. Kombinace v\u011bdeck\u00e9ho p\u0159\u00edstupu, technologick\u00fdch inovac\u00ed a zku\u0161enost\u00ed z minulosti umo\u017e\u0148uje lidem l\u00e9pe porozum\u011bt budouc\u00edm ud\u00e1lostem a efektivn\u011b reagovat na v\u00fdzvy, kter\u00e9 p\u0159in\u00e1\u0161\u00ed nezn\u00e1m\u00e9 z\u00edt\u0159ky.<\/p>\n\n\n\n<div class=\"wp-block-buttons is-layout-flex wp-block-buttons-is-layout-flex\">\n<div class=\"wp-block-button\"><a class=\"wp-block-button__link has-text-align-left wp-element-button\" href=\"https:\/\/www.krohconsulting.cz\/?page_id=278\">Chcete-li se vzd\u011bl\u00e1vat v oblasti prognostiky &#8211; kontaktujte n\u00e1s<\/a><\/div>\n<\/div>\n","protected":false},"excerpt":{"rendered":"<p>Prognostika: Um\u011bn\u00ed p\u0159edpov\u00eddat budoucnost s v\u011bdou + analytikou Prognostika, \u010di p\u0159edpov\u00edd\u00e1n\u00ed budouc\u00edch ud\u00e1lost\u00ed a trend\u016f, je starou lidskou snahou, kter\u00e1 se v dne\u0161n\u00ed dob\u011b stala v\u00fdznamn\u00fdm oborem v\u011bdeck\u00e9ho v\u00fdzkumu. Toto um\u011bn\u00ed kombinuje statistiku, anal\u00fdzu dat a pokro\u010dil\u00e9 technologie k identifikaci mo\u017en\u00fdch sc\u00e9n\u00e1\u0159\u016f a vytv\u00e1\u0159en\u00ed informovan\u00fdch rozhodnut\u00ed v r\u016fzn\u00fdch oblastech lidsk\u00e9 \u010dinnosti. Historie prognostiky: Od d\u00e1vn\u00fdch [&hellip;]<\/p>\n","protected":false},"author":2,"featured_media":0,"parent":0,"menu_order":0,"comment_status":"closed","ping_status":"closed","template":"","meta":{"om_disable_all_campaigns":false,"_monsterinsights_skip_tracking":false,"_monsterinsights_sitenote_active":false,"_monsterinsights_sitenote_note":"","_monsterinsights_sitenote_category":0,"_uf_show_specific_survey":0,"_uf_disable_surveys":false,"footnotes":""},"class_list":["post-142","page","type-page","status-publish","hentry"],"aioseo_notices":[],"_links":{"self":[{"href":"https:\/\/www.krohconsulting.cz\/index.php?rest_route=\/wp\/v2\/pages\/142","targetHints":{"allow":["GET"]}}],"collection":[{"href":"https:\/\/www.krohconsulting.cz\/index.php?rest_route=\/wp\/v2\/pages"}],"about":[{"href":"https:\/\/www.krohconsulting.cz\/index.php?rest_route=\/wp\/v2\/types\/page"}],"author":[{"embeddable":true,"href":"https:\/\/www.krohconsulting.cz\/index.php?rest_route=\/wp\/v2\/users\/2"}],"replies":[{"embeddable":true,"href":"https:\/\/www.krohconsulting.cz\/index.php?rest_route=%2Fwp%2Fv2%2Fcomments&post=142"}],"version-history":[{"count":2,"href":"https:\/\/www.krohconsulting.cz\/index.php?rest_route=\/wp\/v2\/pages\/142\/revisions"}],"predecessor-version":[{"id":298,"href":"https:\/\/www.krohconsulting.cz\/index.php?rest_route=\/wp\/v2\/pages\/142\/revisions\/298"}],"wp:attachment":[{"href":"https:\/\/www.krohconsulting.cz\/index.php?rest_route=%2Fwp%2Fv2%2Fmedia&parent=142"}],"curies":[{"name":"wp","href":"https:\/\/api.w.org\/{rel}","templated":true}]}}