{"id":278,"date":"2023-12-31T12:07:07","date_gmt":"2023-12-31T12:07:07","guid":{"rendered":"https:\/\/www.krohconsulting.cz\/?page_id=278"},"modified":"2023-12-31T12:20:22","modified_gmt":"2023-12-31T12:20:22","slug":"kontakty","status":"publish","type":"page","link":"https:\/\/www.krohconsulting.cz\/?page_id=278","title":{"rendered":"Kontakty"},"content":{"rendered":"\n<p><strong>Doc. Ing. Michael Kroh, CSc.<\/strong><\/p>\n\n\n\n<p>Tel.: +420 603 473 872<\/p>\n\n\n\n<p>E-mail: michael@krohconsulting.cz<\/p>\n\n\n\n<p>CEO, konzultant, tren\u00e9r<\/p>\n\n\n\n<p class=\"has-text-align-center\"><em><strong>\u201eVzd\u011bl\u00e1n\u00ed je v\u00e1\u0161 kl\u00ed\u010d k \u00fasp\u011bchu\u201c<\/strong><\/em><\/p>\n\n\n\n<figure class=\"wp-block-image\"><img loading=\"lazy\" decoding=\"async\" width=\"900\" height=\"900\" src=\"https:\/\/www.krohconsulting.cz\/wp-content\/uploads\/2023\/12\/900x900_kroh.jpg\" alt=\"\" class=\"wp-image-18\" srcset=\"https:\/\/www.krohconsulting.cz\/wp-content\/uploads\/2023\/12\/900x900_kroh.jpg 900w, https:\/\/www.krohconsulting.cz\/wp-content\/uploads\/2023\/12\/900x900_kroh-300x300.jpg 300w, https:\/\/www.krohconsulting.cz\/wp-content\/uploads\/2023\/12\/900x900_kroh-150x150.jpg 150w, https:\/\/www.krohconsulting.cz\/wp-content\/uploads\/2023\/12\/900x900_kroh-768x768.jpg 768w\" sizes=\"auto, (max-width: 900px) 100vw, 900px\" \/><\/figure>\n\n\n\n<p><\/p>\n","protected":false},"excerpt":{"rendered":"<p>Doc. Ing. Michael Kroh, CSc. Tel.: +420 603 473 872 E-mail: michael@krohconsulting.cz CEO, konzultant, tren\u00e9r \u201eVzd\u011bl\u00e1n\u00ed je v\u00e1\u0161 kl\u00ed\u010d k \u00fasp\u011bchu\u201c<\/p>\n","protected":false},"author":2,"featured_media":0,"parent":0,"menu_order":0,"comment_status":"closed","ping_status":"closed","template":"","meta":{"om_disable_all_campaigns":false,"_monsterinsights_skip_tracking":false,"_monsterinsights_sitenote_active":false,"_monsterinsights_sitenote_note":"","_monsterinsights_sitenote_category":0,"_uf_show_specific_survey":0,"_uf_disable_surveys":false,"footnotes":""},"class_list":["post-278","page","type-page","status-publish","hentry"],"aioseo_notices":[],"_links":{"self":[{"href":"https:\/\/www.krohconsulting.cz\/index.php?rest_route=\/wp\/v2\/pages\/278","targetHints":{"allow":["GET"]}}],"collection":[{"href":"https:\/\/www.krohconsulting.cz\/index.php?rest_route=\/wp\/v2\/pages"}],"about":[{"href":"https:\/\/www.krohconsulting.cz\/index.php?rest_route=\/wp\/v2\/types\/page"}],"author":[{"embeddable":true,"href":"https:\/\/www.krohconsulting.cz\/index.php?rest_route=\/wp\/v2\/users\/2"}],"replies":[{"embeddable":true,"href":"https:\/\/www.krohconsulting.cz\/index.php?rest_route=%2Fwp%2Fv2%2Fcomments&post=278"}],"version-history":[{"count":2,"href":"https:\/\/www.krohconsulting.cz\/index.php?rest_route=\/wp\/v2\/pages\/278\/revisions"}],"predecessor-version":[{"id":287,"href":"https:\/\/www.krohconsulting.cz\/index.php?rest_route=\/wp\/v2\/pages\/278\/revisions\/287"}],"wp:attachment":[{"href":"https:\/\/www.krohconsulting.cz\/index.php?rest_route=%2Fwp%2Fv2%2Fmedia&parent=278"}],"curies":[{"name":"wp","href":"https:\/\/api.w.org\/{rel}","templated":true}]}}